{"id":8,"date":"2018-04-10T16:53:11","date_gmt":"2018-04-10T16:53:11","guid":{"rendered":"http:\/\/www.enriquemoreno.com\/?page_id=8"},"modified":"2018-06-16T07:52:16","modified_gmt":"2018-06-16T07:52:16","slug":"quien-soy","status":"publish","type":"page","link":"https:\/\/www.enriquemoreno.com\/index.php\/quien-soy\/","title":{"rendered":"Quien Soy"},"content":{"rendered":"<p style=\"text-align: justify;\">Me llamo Enrique. Sin apellidos. Los tengo y los uso, claro est\u00e1, pero no me siento vinculado a ellos en ning\u00fan caso. A lo mejor un d\u00eda os cuento el porqu\u00e9.<\/p>\n<p style=\"text-align: justify;\">Tengo mas de 65 a\u00f1os. Y hace mas de 40 que ejerzo una profesi\u00f3n liberal.<\/p>\n<p style=\"text-align: justify;\">La vida me ha dado de todo, y cuando digo eso, me estoy refiriendo a todo lo que nos es dado vivir, de alegre y de triste.<\/p>\n<p style=\"text-align: justify;\">Lo vivido me ha hecho esc\u00e9ptico cuando no descre\u00eddo. Me reconozco moderadamente mis\u00e1ntropo y milito en el pesimismo vital. No hay m\u00e1s.<\/p>\n<p style=\"text-align: justify;\">Mis ganas de seguir viviendo ti\u00f1en de moderada alegr\u00eda el inevitable pesimismo.<\/p>\n<p style=\"text-align: justify;\">Aun me quedan viajes por hacer. Empec\u00e9 tarde (esa es otra historia) y tengo una lista interminable. Destinos anhelados que espero alcanzar a tiempo. Y que me gustar\u00eda fotografiar. Soy un modesto aficionado que disfruta, sobre todo, retratando personas.<\/p>\n<p style=\"text-align: justify;\">Trato de combatir mis d\u00e9ficits. Tiendo a admirar casi todo lo que no soy capaz de hacer. La m\u00fasica, el cine y la literatura\u2026\u2026.. aunque puedo confesaros que quiz\u00e1s si mis circunstancias vitales hubieran sido otras, me hubiera atrevido a dedicarme a escribir. Nunca sabr\u00e9 si estuve dotado para ello o si, por cobard\u00eda, no fui capaz de intentarlo.<\/p>\n<p style=\"text-align: justify;\">Por eso, y tras &#8230;&#8230;.darle muchas vueltas, claro\u2026 he querido activar este blog. En el que pretendo contar, para quien desee, algunas historias.<\/p>\n<p style=\"text-align: justify;\">En prosa o en verso \u2026\u2026que as\u00ed de osado me he vuelto con la edad. Con la pretensi\u00f3n de hacer literatura. Por eso es lo \u00fanico que encontrar\u00e9is aqu\u00ed.<\/p>\n<p style=\"text-align: justify;\">En \u201cAccidentes \u00cdntimos\u201d podr\u00e9is leer algunos poemas. Empec\u00e9 a escribir poes\u00eda en un momento de mi vida en el que todo lo que me rodeaba era \u201cpura creaci\u00f3n\u201d y yo simplemente era el torpe que trabajaba como un asno, etiquetado como incapacitado para hacer nada distinto. La legitima revancha fue solo po\u00e9tica.<\/p>\n<p style=\"text-align: justify;\">En \u201cEmilio Plo \u2013 In Memoriam\u201d encontrar\u00e9is, por entregas, un intento de escribir una novela. Espero que os interese.<\/p>\n<p style=\"text-align: justify;\">En \u201cMaterial de Aluvi\u00f3n\u201d habr\u00e1 de todo: alg\u00fan cuento, alg\u00fan relato breve, alguna cr\u00f3nica, alg\u00fan comentario \u2026. sedimentos varios que, con todo lo anterior, ayudan a configuran \u201cEl Delta\u201d literario que pretendo crear.<\/p>\n<p style=\"text-align: justify;\">En \u201cLas Vi\u00f1etas del Perezoso\u201d, a lo mejor, si me decido, os cuento alguna de las historias que me ha tocado vivir. Ciertas o inventadas. Veremos. De hecho, en el origen de este apartado hay lo que a lo mejor es una buena historia. Espero ser capaz de cont\u00e1rosla.<\/p>\n<p style=\"text-align: justify;\">Si alguien desea hacerme llegar sus comentarios, espero que sean desde la benevolencia pero apreciar\u00e9, sobre todo, vuestra sinceridad.<\/p>\n<p style=\"text-align: justify;\">\n","protected":false},"excerpt":{"rendered":"<p>Me llamo Enrique. Sin apellidos. Los tengo y los uso, claro est\u00e1, pero no me siento vinculado a ellos en ning\u00fan caso. A lo mejor un d\u00eda os cuento el porqu\u00e9. Tengo mas de 65 a\u00f1os. Y hace mas de 40 que ejerzo una profesi\u00f3n liberal. La vida me ha dado de todo, y cuando &hellip; <\/p>\n<p class=\"link-more\"><a href=\"https:\/\/www.enriquemoreno.com\/index.php\/quien-soy\/\" class=\"more-link\">Continuar leyendo<span class=\"screen-reader-text\"> \u00abQuien Soy\u00bb<\/span><\/a><\/p>\n","protected":false},"author":1,"featured_media":0,"parent":0,"menu_order":0,"comment_status":"closed","ping_status":"closed","template":"","meta":{"footnotes":""},"class_list":["post-8","page","type-page","status-publish","hentry"],"post_mailing_queue_ids":[],"_links":{"self":[{"href":"https:\/\/www.enriquemoreno.com\/index.php\/wp-json\/wp\/v2\/pages\/8","targetHints":{"allow":["GET"]}}],"collection":[{"href":"https:\/\/www.enriquemoreno.com\/index.php\/wp-json\/wp\/v2\/pages"}],"about":[{"href":"https:\/\/www.enriquemoreno.com\/index.php\/wp-json\/wp\/v2\/types\/page"}],"author":[{"embeddable":true,"href":"https:\/\/www.enriquemoreno.com\/index.php\/wp-json\/wp\/v2\/users\/1"}],"replies":[{"embeddable":true,"href":"https:\/\/www.enriquemoreno.com\/index.php\/wp-json\/wp\/v2\/comments?post=8"}],"version-history":[{"count":8,"href":"https:\/\/www.enriquemoreno.com\/index.php\/wp-json\/wp\/v2\/pages\/8\/revisions"}],"predecessor-version":[{"id":129,"href":"https:\/\/www.enriquemoreno.com\/index.php\/wp-json\/wp\/v2\/pages\/8\/revisions\/129"}],"wp:attachment":[{"href":"https:\/\/www.enriquemoreno.com\/index.php\/wp-json\/wp\/v2\/media?parent=8"}],"curies":[{"name":"wp","href":"https:\/\/api.w.org\/{rel}","templated":true}]}}